{"id":41,"date":"2021-06-16T23:47:54","date_gmt":"2021-06-16T21:47:54","guid":{"rendered":"https:\/\/elephants-on-tape.de\/shop\/?post_type=product&#038;p=41"},"modified":"2022-09-02T18:59:56","modified_gmt":"2022-09-02T16:59:56","slug":"every-structures-dislocated-vinyl-2021","status":"publish","type":"product","link":"https:\/\/schatulleboemm.com\/shop\/produkt\/every-structures-dislocated-vinyl-2021\/","title":{"rendered":"EVERY STRUCTURE\u2019S DISLOCATED (VINYL, 2021)"},"content":{"rendered":"<p><b>ELEPHANTS ON TAPE ver\u00f6ffentlichen zweites Studioalbum<\/b><\/p>\n<p>Drei Jahre nach erfolgreichem Deb\u00fct erscheint ELEPHANTS ON TAPEs neue Platte \u00bbEvery Structure\u2019s Dislocated\u00ab und damit das bis dato intimste St\u00fcck Musik der in Leipzig ans\u00e4ssigen Sound-ArchitektInnen. Leichtf\u00fc\u00dfig bewegen sich die f\u00fcnf Schwergewichte zwischen digitaler Melancholie und dem Brechen algorithmischer Vorhersehbarkeit.<br \/>\nIhre erste Single \u00bb01100010\u00ab (V\u00d6: 17. M\u00e4rz) ist ein fulminant geduldiger Anti-Hit der in jede Electro-Pop Playlist hineingeh\u00f6rt um herauszustechen. Weltraummusik mit Tiefe &#8211; detailverliebt und ausufernd zugleich. Unkonventionelles Songwriting mit Drang zur Komplexit\u00e4t und Raum, den sie zur Entfaltung ihres besonderen Ausdrucks brauchen.<\/p>\n<p>Pendelnd zwischen Indie-Pathos und sympathisch sperriger Electronica zeugt \u00bbEvery Structure\u2019s Dislocated\u00ab von bestechender Klang\u00e4sthetik. Die zehn Tracks erz\u00e4hlen von zwischenmenschlichen Verbindungen und ihren Parallelen zu physikalisch-technischen Vorg\u00e4ngen, gespickt mit Songtiteln wie \u00bb{ascii;\u00ab oder \u00bbElectrons\u00ab.<br \/>\nDas Album-Artwork reflektiert diese digital\/analoge Zwischenwelt in Form von Glitch-Art, generiert durch anachronistische Computer-Algorithmen.<\/p>\n","protected":false},"excerpt":{"rendered":"<p><i>Versand ab 12.06.2021<\/i><\/p>\n<p>RELEASE 23.04.2021<br \/>\n(Schatulle B\u00f6mm)<\/p>\n","protected":false},"featured_media":42,"template":"","meta":[],"product_brand":[],"product_cat":[23,19],"product_tag":[],"class_list":{"0":"post-41","1":"product","2":"type-product","3":"status-publish","4":"has-post-thumbnail","6":"product_cat-elephants-on-tape","7":"product_cat-musik","8":"product_shipping_class-standart-gross","10":"first","11":"instock","12":"taxable","13":"shipping-taxable","14":"purchasable","15":"product-type-simple"},"jetpack_sharing_enabled":true,"_links":{"self":[{"href":"https:\/\/schatulleboemm.com\/shop\/wp-json\/wp\/v2\/product\/41","targetHints":{"allow":["GET"]}}],"collection":[{"href":"https:\/\/schatulleboemm.com\/shop\/wp-json\/wp\/v2\/product"}],"about":[{"href":"https:\/\/schatulleboemm.com\/shop\/wp-json\/wp\/v2\/types\/product"}],"wp:featuredmedia":[{"embeddable":true,"href":"https:\/\/schatulleboemm.com\/shop\/wp-json\/wp\/v2\/media\/42"}],"wp:attachment":[{"href":"https:\/\/schatulleboemm.com\/shop\/wp-json\/wp\/v2\/media?parent=41"}],"wp:term":[{"taxonomy":"product_brand","embeddable":true,"href":"https:\/\/schatulleboemm.com\/shop\/wp-json\/wp\/v2\/product_brand?post=41"},{"taxonomy":"product_cat","embeddable":true,"href":"https:\/\/schatulleboemm.com\/shop\/wp-json\/wp\/v2\/product_cat?post=41"},{"taxonomy":"product_tag","embeddable":true,"href":"https:\/\/schatulleboemm.com\/shop\/wp-json\/wp\/v2\/product_tag?post=41"}],"curies":[{"name":"wp","href":"https:\/\/api.w.org\/{rel}","templated":true}]}}