{"id":201,"date":"2023-05-06T21:49:52","date_gmt":"2023-05-06T19:49:52","guid":{"rendered":"https:\/\/schatulleboemm.com\/shop\/?post_type=product&#038;p=201"},"modified":"2023-05-08T14:14:44","modified_gmt":"2023-05-08T12:14:44","slug":"die-neue-dehnbarkeit-vinyl-2023","status":"publish","type":"product","link":"https:\/\/schatulleboemm.com\/shop\/produkt\/die-neue-dehnbarkeit-vinyl-2023\/","title":{"rendered":"Die Neue Dehnbarkeit (VINYL, 2023)"},"content":{"rendered":"<p><b>Tropen Tropen<\/b><br \/>\n<i>Art-Pop \/ Synth Pop \/ Neue Neue Deutsche Welle<\/i><\/p>\n<p>Zwischen New Wave und Bedroom Pop bringt das Leipziger Trio Tropen Tropen mit Vorliebe auf die B\u00fchne, was zerbrechen kann: Detailverliebte Songskulpturen, die in einem Moment zu \u00fcberbordenden Synth-Gesten ausholen und im anderen Moment ihre falsett-getr\u00e4nkte Verletzlichkeit auf dem Goldrandteller pr\u00e4sentieren. Deutschsprachiger Arthouse Pop f\u00fcr den crack in everything.<\/p>\n","protected":false},"excerpt":{"rendered":"<p><i>Versand ab 23.06.2023<\/i><\/p>\n<p>RELEASE \u00a023.06.2023<br \/>\n(Schatulle B\u00f6mm)<\/p>\n<p>01. Paola<br \/>\n02. US University<br \/>\n03. Leggings<br \/>\n04. Gorillaglas feat. Pony Pracht<br \/>\n05. Misanthropie<br \/>\n06. Monstera<br \/>\n07. Jaguar<br \/>\n08. Altglas<br \/>\n09. Delfine feat. effyeffa<br \/>\n10. Plastikst\u00fchle<\/p>\n","protected":false},"featured_media":203,"template":"","meta":[],"product_brand":[],"product_cat":[19,30],"product_tag":[],"class_list":{"0":"post-201","1":"product","2":"type-product","3":"status-publish","4":"has-post-thumbnail","6":"product_cat-musik","7":"product_cat-tropen-tropen","8":"product_shipping_class-standart-gross","10":"first","11":"instock","12":"taxable","13":"shipping-taxable","14":"purchasable","15":"product-type-simple"},"jetpack_sharing_enabled":true,"_links":{"self":[{"href":"https:\/\/schatulleboemm.com\/shop\/wp-json\/wp\/v2\/product\/201","targetHints":{"allow":["GET"]}}],"collection":[{"href":"https:\/\/schatulleboemm.com\/shop\/wp-json\/wp\/v2\/product"}],"about":[{"href":"https:\/\/schatulleboemm.com\/shop\/wp-json\/wp\/v2\/types\/product"}],"wp:featuredmedia":[{"embeddable":true,"href":"https:\/\/schatulleboemm.com\/shop\/wp-json\/wp\/v2\/media\/203"}],"wp:attachment":[{"href":"https:\/\/schatulleboemm.com\/shop\/wp-json\/wp\/v2\/media?parent=201"}],"wp:term":[{"taxonomy":"product_brand","embeddable":true,"href":"https:\/\/schatulleboemm.com\/shop\/wp-json\/wp\/v2\/product_brand?post=201"},{"taxonomy":"product_cat","embeddable":true,"href":"https:\/\/schatulleboemm.com\/shop\/wp-json\/wp\/v2\/product_cat?post=201"},{"taxonomy":"product_tag","embeddable":true,"href":"https:\/\/schatulleboemm.com\/shop\/wp-json\/wp\/v2\/product_tag?post=201"}],"curies":[{"name":"wp","href":"https:\/\/api.w.org\/{rel}","templated":true}]}}