{"id":101,"date":"2022-09-03T21:35:06","date_gmt":"2022-09-03T19:35:06","guid":{"rendered":"https:\/\/schatulleboemm.com\/shop\/?post_type=product&#038;p=101"},"modified":"2025-06-30T08:57:56","modified_gmt":"2025-06-30T06:57:56","slug":"every-structures-dislocated-vinyl-2021-kopie","status":"publish","type":"product","link":"https:\/\/schatulleboemm.com\/shop\/produkt\/every-structures-dislocated-vinyl-2021-kopie\/","title":{"rendered":"H. C. BEHRENDTSEN (VINYL, 2022)"},"content":{"rendered":"<p>H., C. und B. aus L. sehen aus wie drei Physiker in Hawaiihemden, die deinen Partykeller okkupiert haben. Ihr erstes Album klingt, als h\u00e4tten sie es auch dort aufgenommen. Unter Laborbedingungen nat\u00fcrlich.<\/p>\n<p>Wer einmal in den Genuss gekommen ist, die Math Rock Experimental Band live zu sehen, der wei\u00df, dass diese Party am besten mit drei R\u00f6hrenfernsehern und einem Tumult an computergenerierten Avataren steigt. Seit diesem Herbst liegt die erste Ver\u00f6ffentlichung in Albuml\u00e4nge vor: neun kantenreiche Klangexkursionen zum begeisterten H\u00f6ren, St\u00f6ren und Verwirren.<\/p>\n<p>In einem Durchgang kaum zu begreifen, bleibt dieses Deb\u00fct als gut gef\u00fclltes Kuriosit\u00e4tenkabinett im Ohr, das vor allem von reichlich Pr\u00e4zision und einem feinperligen Sound zusammengehalten wird. Aufgeregt ja, krawallig nein.<\/p>\n<p>Mit einem gewissen Wahnwitz und unverbl\u00fcmter Liebe zum Detail haben die Leipziger allerhand kompositorische Spitzfindigkeiten und eine gute Hand voll popkultureller Referenzen auf knappe 40 Minuten zusammen gedampft. Wo unversch\u00e4mte Surfrock Anleihen selbst die stabilste Gitarrenwand brechen, bringt eine Prise 90er-Rock-Nostalgie die n\u00f6tige W\u00e4rme in das glasklare Math Rock Ger\u00fcst. Ein Sound, der ohne Weiteres den Spagat zwischen Akademie und AJZ schafft, und in dem sich Jazzer und Hardcore Kids gleicherma\u00dfen zuhause f\u00fchlen d\u00fcrfen. (Stefan Ibrahim)<\/p>\n","protected":false},"excerpt":{"rendered":"<p><i>Versand ab 11.11.2022<\/i><\/p>\n<p>RELEASE <i>11.11.2022<\/i><br \/>\n(Schatulle B\u00f6mm)<\/p>\n","protected":false},"featured_media":106,"template":"","meta":[],"product_brand":[],"product_cat":[24,19],"product_tag":[],"class_list":{"0":"post-101","1":"product","2":"type-product","3":"status-publish","4":"has-post-thumbnail","6":"product_cat-h-c-behrendsen","7":"product_cat-musik","8":"product_shipping_class-standart-gross","10":"first","11":"instock","12":"taxable","13":"shipping-taxable","14":"purchasable","15":"product-type-simple"},"jetpack_sharing_enabled":true,"_links":{"self":[{"href":"https:\/\/schatulleboemm.com\/shop\/wp-json\/wp\/v2\/product\/101","targetHints":{"allow":["GET"]}}],"collection":[{"href":"https:\/\/schatulleboemm.com\/shop\/wp-json\/wp\/v2\/product"}],"about":[{"href":"https:\/\/schatulleboemm.com\/shop\/wp-json\/wp\/v2\/types\/product"}],"wp:featuredmedia":[{"embeddable":true,"href":"https:\/\/schatulleboemm.com\/shop\/wp-json\/wp\/v2\/media\/106"}],"wp:attachment":[{"href":"https:\/\/schatulleboemm.com\/shop\/wp-json\/wp\/v2\/media?parent=101"}],"wp:term":[{"taxonomy":"product_brand","embeddable":true,"href":"https:\/\/schatulleboemm.com\/shop\/wp-json\/wp\/v2\/product_brand?post=101"},{"taxonomy":"product_cat","embeddable":true,"href":"https:\/\/schatulleboemm.com\/shop\/wp-json\/wp\/v2\/product_cat?post=101"},{"taxonomy":"product_tag","embeddable":true,"href":"https:\/\/schatulleboemm.com\/shop\/wp-json\/wp\/v2\/product_tag?post=101"}],"curies":[{"name":"wp","href":"https:\/\/api.w.org\/{rel}","templated":true}]}}