{"id":113,"date":"2022-09-03T21:57:28","date_gmt":"2022-09-03T19:57:28","guid":{"rendered":"https:\/\/schatulleboemm.com\/shop\/?page_id=113"},"modified":"2022-09-03T21:57:28","modified_gmt":"2022-09-03T19:57:28","slug":"agb","status":"publish","type":"page","link":"https:\/\/schatulleboemm.com\/shop\/agb\/","title":{"rendered":"AGB"},"content":{"rendered":"\n<h1 class=\"wp-block-heading\">ALLGEMEINE GESCH\u00c4FTSBEDINGUNGEN:<\/h1>\n\n\n\n<h3 class=\"wp-block-heading\">1. BETREIBER DES WEBSHOPS<\/h3>\n\n\n\n<p>Betreiber des Webshops auf dieser Website ist DOTY YOAK Gemmel, Stodollik, Zwinzscher GbR (im Folgenden \u201eDOTY YOAK\u201c genannt), Fraunhoferstra\u00dfe 8, 04178 Leipzig, Deutschland. Sie erreichen uns bei Fragen, Reklamationen und Beanstandungen per E-Mail unter mail@doty-yoak.com<\/p>\n\n\n\n<h3 class=\"wp-block-heading\">2. DATENSCHUTZ<\/h3>\n\n\n\n<p>Die von DOTY YOAK im Rahmen der Vertragsdurchf\u00fchrung erhobenen personenbezogenen Daten werden nur zum Zwecke der Vertragsabwicklung und Kundenbetreuung genutzt.\u00a0<br>Gleichsam verpflichtet sich DOTY YOAK, die betreffenden Daten nicht an Dritte, f\u00fcr Werbezwecke oder f\u00fcr andere Zwecke zu verkaufen oder zu vermieten.\u00a0<\/p>\n\n\n\n<h3 class=\"wp-block-heading\">3. VERTRAGSABSCHLUSS<\/h3>\n\n\n\n<p>Die Bestellung durch den Kunden ist ein bindendes Angebot. Durch Anklicken des Buttons \u201cKaufen\u201d geben Sie eine verbindliche Bestellung der auf der Bestellseite gelisteten Waren ab.\u00a0<br>Der Kaufvertrag kommt zustande, wenn wir Ihre Bestellung durch eine Auftragsbest\u00e4tigung per E-Mail unmittelbar nach Erhalt Ihrer Bestellung annehmen.\u00a0<br>Angaben und Abbildungen haben rein informatorischen Charakter.\u00a0<br>DOTY YOAK \u00fcbernimmt f\u00fcr die Richtigkeit dieser Angaben keine Gew\u00e4hr. Hinsichtlich des Umfangs und der Art der Lieferung sind allein die in der Auftragsbest\u00e4tigung enthaltenen Angaben verbindlich.\u00a0<\/p>\n\n\n\n<h3 class=\"wp-block-heading\">4. PREISE UND VERSANDKOSTEN<\/h3>\n\n\n\n<p>4.1 Die auf dem Produktseiten genannten Preise enthalten alle Preisbestandteile.<\/p>\n\n\n\n<p>4.2. Zus\u00e4tzlich zu den angegebenen Preisen berechnen wir f\u00fcr die Lieferung Versandkosten. Diese Versandkosten werden Ihnen auf den Produktseiten, im Warenkorbsystem und auf der Bestellseite nochmals deutlich mitgeteilt.&nbsp;<\/p>\n\n\n\n<h3 class=\"wp-block-heading\">5. LIEFERUNG<\/h3>\n\n\n\n<p>5.1. Die Lieferung erfolgt nach Deutschland und in die von uns angegebenen L\u00e4nder.<\/p>\n\n\n\n<p>5.2. Bei Lieferung in Nicht-EU-L\u00e4nder fallen zus\u00e4tzliche Z\u00f6lle und Geb\u00fchren an, die vom Kunden selber zu tragen sind.&nbsp;<\/p>\n\n\n\n<h3 class=\"wp-block-heading\">6. ZAHLUNG<\/h3>\n\n\n\n<p>6.1. Die Bezahlung der bestellten Waren erfolgt durch verschiedene Zahlungsarten. Die Bezahlung kann durch \u00dcberweisung des Gesamtrechnungsbetrages per Vorkasse oder per Nutzung des Zahlungdienstes PayPal, an paypal@doty-yoak.com erfolgen.\u00a0<br>6.2. Bei Auswahl der Zahlungsart Vorkasse nennt der Verk\u00e4ufer alle Informationen zur Bankverbindung in der E-Mail-Bestellbest\u00e4tigung und liefert die Ware nach Zahlungseingang.\u00a0<\/p>\n\n\n\n<h3 class=\"wp-block-heading\">7. TICKET-VERKAUF<\/h3>\n\n\n\n<p>7.1 DOTY YOAK ist nicht selbst Veranstalter der angebotenen Veranstaltungen. Diese werden durch den jeweiligen Veranstalter durchgef\u00fchrt, der auch Aussteller der Tickets ist. Durch den Erwerb der Eintrittskarte kommen vertragliche Beziehungen im Hinblick auf den Veranstaltungsbesuch ausschlie\u00dflich zwischen dem Karteninhaber (Kunden) und dem jeweiligen Veranstalter zustande. M\u00f6glicherweise gelten f\u00fcr diese rechtlichen Beziehungen eigene Allgemeine Gesch\u00e4ftsbedingungen des Veranstalters. DOTY YOAK vertreibt die Tickets im Auftrag des jeweiligen Veranstalters als Vermittlerin oder als Kommission\u00e4rin, es sei denn, sie ist im Einzelfall ausdr\u00fccklich selbst als Veranstalter ausgewiesen. Mit der Bestellung von Tickets beauftragt der Kunde DOTY YOAK mit der Abwicklung des Kartenkaufes einschlie\u00dflich Versand.\u00a0<\/p>\n\n\n\n<p>7.2 DOTY YOAK ist berechtigt, eine Bestellung des Kunden, f\u00fcr die bereits eine Transaktionsnummer zugeteilt worden ist, zu stornieren (einseitiges R\u00fccktrittsrecht), wenn der Kunde gegen vom Veranstalter oder von DOTY YOAK aufgestellte spezifische Bedingungen verst\u00f6\u00dft, auf die im Rahmen des Vorverkaufs hingewiesen wurde, oder diese zu umgehen versucht (z.B. Versto\u00df gegen Beschr\u00e4nkung der Ticketmenge pro Kunde, Versto\u00df gegen die Urkundenbedingungen, insbesondere gegen Weiterver\u00e4u\u00dferungsverbote, Umgehungsversuch durch Anmeldung und Nutzung mehrerer Nutzerprofile etc.). Die Erkl\u00e4rung der Stornierung\/des R\u00fccktritts kann auch konkludent durch Gutschrift der gezahlten Betr\u00e4ge erfolgen.\u00a0\u00a0<\/p>\n\n\n\n<p>7.3 Die Preise f\u00fcr Tickets k\u00f6nnen die aufgedruckten Kartenpreise \u00fcbersteigen. Zahlungm\u00f6glichkeiten sind in Abschnitt 6 geregelt. Die gesetzliche Mehrwertsteuer ist soweit nicht anders angegeben im Preis enthalten. Der Gesamtpreis der Bestellung inklusive aller Geb\u00fchren ist sofort zur Zahlung f\u00e4llig und bis zu dem mitgeteilten Datum vollst\u00e4ndig auf das von der DOTY YOAK benannte Konto zu \u00fcberweisen. Bei der Internet-Bestellung werden Service- und Versandkosten erhoben, die je nach Veranstaltung variieren k\u00f6nnen. Diese Geb\u00fchren werden den Kunden bei der Bestellung im Warenkorb angezeigt, dar\u00fcber hinaus entstehen keine weiteren nicht ausgewiesenen Kosten. Eine Geschenkverpackung wird mit den jeweils angezeigten Kosten zus\u00e4tzlich in Rechnung gestellt.\u00a0<\/p>\n\n\n\n<p>7.4 Soweit DOTY YOAK Dienstleistungen aus dem Bereich der Freizeitbet\u00e4tigung anbietet, insbesondere Eintrittskarten f\u00fcr Veranstaltungen, besteht kein Widerrufsrecht. Jede Bestellung von Eintrittskarten ist damit unmittelbar nach Best\u00e4tigung durch DOTY YOAK bindend und verpflichtet zur Abnahme und Bezahlung der bestellten Karten.\u00a0<\/p>\n\n\n\n<h3 class=\"wp-block-heading\">8. WIDERRUFSRECHT<\/h3>\n\n\n\n<p>Sie k\u00f6nnen Ihre Vertragserkl\u00e4rung innerhalb von einem Monat ohne Angabe von Gr\u00fcnden in Textform (z. B. Brief, Fax, E-Mail) oder \u2013 wenn Ihnen die Sache vor Fristablauf \u00fcberlassen wird \u2013 durch R\u00fccksendung der Sache widerrufen.&nbsp;<\/p>\n\n\n\n<p>Die Frist beginnt nach Erhalt dieser Belehrung in Textform, jedoch nicht vor Eingang der Ware beim Empf\u00e4nger (bei der wiederkehrenden Lieferung gleichartiger Waren nicht vor Eingang der ersten Teillieferung) und auch nicht vor Erf\u00fcllung unserer Informationspflichten gem\u00e4\u00df Artikel 246 \u00a7 2 in Verbindung mit \u00a7 1 Abs. 1 und 2 EGBGB sowie unserer Pflichten gem\u00e4\u00df \u00a7 312e Abs. 1 Satz 1 BGB in Verbindung mit Artikel 246 \u00a7 3 EGBGB.&nbsp;<\/p>\n\n\n\n<p>Zur Wahrung der Widerrufsfrist gen\u00fcgt die rechtzeitige Absendung des Widerrufs oder der Sache.&nbsp;<\/p>\n\n\n\n<p>Der Widerruf ist zu richten an:&nbsp;<\/p>\n\n\n\n<p>DOTY YOAK<\/p>\n\n\n\n<p>DOTY YOAK<br>Gemmel, Stodollik, Zwinzscher GbR<br>Fraunhoferstra\u00dfe 8<\/p>\n\n\n\n<p>04178 Leipzig<\/p>\n\n\n\n<p>E-Mail: mail@doty-yoak.com<\/p>\n\n\n\n<h3 class=\"wp-block-heading\">WIDERRUFSFOLGEN<\/h3>\n\n\n\n<p>Im Falle eines wirksamen Widerrufs sind die beiderseits empfangenen Leistungen zur\u00fcckzugew\u00e4hren und ggf. gezogene Nutzungen (z. B. Zinsen) herauszugeben.&nbsp;<br>K\u00f6nnen Sie uns die empfangene Leistung ganz oder teilweise nicht oder nur in verschlechtertem Zustand zur\u00fcckgew\u00e4hren, m\u00fcssen Sie uns insoweit ggf. Wertersatz leisten.&nbsp;<br>Bei der \u00dcberlassung von Sachen gilt dies nicht, wenn die Verschlechterung der Sache ausschlie\u00dflich auf deren Pr\u00fcfung \u2013 wie sie Ihnen etwa im Ladengesch\u00e4ft m\u00f6glich gewesen w\u00e4re \u2013 zur\u00fcckzuf\u00fchren ist.&nbsp;<br>Im \u00dcbrigen k\u00f6nnen Sie die Pflicht zum Wertersatz f\u00fcr eine durch die bestimmungsgem\u00e4\u00dfe Ingebrauchnahme der Sache entstandene Verschlechterung vermeiden, indem Sie die Sache nicht wie Ihr Eigentum in Gebrauch nehmen und alles unterlassen, was deren Wert beeintr\u00e4chtigt. Paketversandf\u00e4hige Sachen sind auf unsere Gefahr zur\u00fcckzusenden.&nbsp;<br>Sie haben die Kosten der R\u00fccksendung zu tragen, wenn die gelieferte Ware der bestellten entspricht und wenn der Preis der zur\u00fcckzusendenden Sache einen Betrag von 40 Euro nicht \u00fcbersteigt oder wenn Sie bei einem h\u00f6heren Preis der Sache zum Zeitpunkt des Widerrufs noch nicht die Gegenleistung oder eine vertraglich vereinbarte Teilzahlung erbracht haben.&nbsp;<br>Anderenfalls ist die R\u00fccksendung f\u00fcr Sie kostenfrei. Bitte senden Sie uns die R\u00fccksendung ausreichend frankiert zu. \u201cUnfreie\u201d Sendungen werden von uns nicht entgegengenommen. Erstattung von Zahlungen m\u00fcssen innerhalb von 30 Tagen erf\u00fcllt werden. Die Frist beginnt f\u00fcr Sie mit der Absendung Ihrer Widerrufserkl\u00e4rung oder der Sache, f\u00fcr uns mit deren Empfang.&nbsp;<\/p>\n\n\n\n<p>Ende der Widerrufsbelehrung.&nbsp;<\/p>\n\n\n\n<h3 class=\"wp-block-heading\">9. EIGENTUMSVORBEHALT<\/h3>\n\n\n\n<p>Die gelieferte Ware bleibt bis zur vollst\u00e4ndigen Bezahlung unser Eigentum.&nbsp;<\/p>\n\n\n\n<h3 class=\"wp-block-heading\">10. GEW\u00c4HRLEISTUNG<\/h3>\n\n\n\n<p>Erkennbare M\u00e4ngel sind uns unverz\u00fcglich nach Empfang der Ware, nicht erkennbare M\u00e4ngel unverz\u00fcglich nach Entdeckung schriftlich im Rahmen der gesetzlichen Gew\u00e4hrleistungsfrist anzuzeigen.\u00a0<br>Liegt ein von DOTY YOAK zu vertretender Mangel der Kaufsache vor, ist DOTY YOAK nach eigener Wahl zu Ersatzlieferungen berechtigt. Ist DOTY YOAK zur M\u00e4ngelbeseitigung \/ Ersatzlieferung nicht bereit oder nicht in der Lage oder verz\u00f6gert sich diese \u00fcber die angemessenen Fristen aus Gr\u00fcnden, die DOTY YOAK zu vertreten hat, oder schl\u00e4gt in sonstiger Weise die M\u00e4ngelbeseitigung\/ Ersatzlieferung fehl, ist der Besteller nach seiner Wahl berechtigt, vom Vertrag zur\u00fcckzutreten oder eine entsprechende Minderung des Kaufpreises zu verlangen.\u00a0<br>Soweit sich nachstehend nichts anderes ergibt, sind weitergehende Anspr\u00fcche des Bestellers, gleich aus welchen Rechtsgr\u00fcnden, ausgeschlossen. DOTY YOAK haftet deshalb nicht f\u00fcr Sch\u00e4den, die nicht am Liefergegenstand selbst entstanden sind; insbesondere haftet DOTY YOAK nicht f\u00fcr entgangenen Gewinn oder f\u00fcr sonstige Verm\u00f6genssch\u00e4den des Bestellers.\u00a0<br>Soweit die Haftung von DOTY YOAK ausgeschlossen oder beschr\u00e4nkt ist, gilt dies auch f\u00fcr die pers\u00f6nliche Haftung von Gesellschaftern, Vertretern und Erf\u00fcllungsgehilfen.\u00a0<\/p>\n\n\n\n<h3 class=\"wp-block-heading\">11. ERF\u00dcLLUNGSORT\/GERICHTSSTAND<\/h3>\n\n\n\n<p>Erf\u00fcllungsort ist der Sitz DOTY YOAK in Leipzig. Sofern es sich bei dem Kunden um einen Kaufmann, ein \u00f6ffentlich rechtliches Sonderverm\u00f6gen oder eine juristische Person des \u00f6ffentlichen Rechtes handelt, wird Hamburg als ausschlie\u00dflicher Gerichtsstand vereinbart.\u00a0<\/p>\n\n\n\n<h3 class=\"wp-block-heading\">12. RECHT DER BUNDESREPUBLIK DEUTSCHLAND<\/h3>\n\n\n\n<p>S\u00e4mtliche von DOTY YOAK mit seinen Kunden geschlossene Rechtsgesch\u00e4fte unterliegen dem Recht der Bundesrepublik Deutschland.\u00a0<\/p>\n","protected":false},"excerpt":{"rendered":"<p>ALLGEMEINE GESCH\u00c4FTSBEDINGUNGEN: 1. BETREIBER DES WEBSHOPS Betreiber des Webshops auf dieser Website ist DOTY YOAK Gemmel, Stodollik, Zwinzscher GbR (im Folgenden \u201eDOTY YOAK\u201c genannt), Fraunhoferstra\u00dfe 8, 04178 Leipzig, Deutschland. Sie erreichen uns bei Fragen, Reklamationen und Beanstandungen per E-Mail unter mail@doty-yoak.com 2. DATENSCHUTZ Die von DOTY YOAK im Rahmen der Vertragsdurchf\u00fchrung erhobenen personenbezogenen Daten werden [&hellip;]<\/p>\n","protected":false},"author":1,"featured_media":0,"parent":0,"menu_order":0,"comment_status":"closed","ping_status":"closed","template":"","meta":{"footnotes":""},"class_list":["post-113","page","type-page","status-publish","hentry"],"jetpack_sharing_enabled":true,"_links":{"self":[{"href":"https:\/\/schatulleboemm.com\/shop\/wp-json\/wp\/v2\/pages\/113","targetHints":{"allow":["GET"]}}],"collection":[{"href":"https:\/\/schatulleboemm.com\/shop\/wp-json\/wp\/v2\/pages"}],"about":[{"href":"https:\/\/schatulleboemm.com\/shop\/wp-json\/wp\/v2\/types\/page"}],"author":[{"embeddable":true,"href":"https:\/\/schatulleboemm.com\/shop\/wp-json\/wp\/v2\/users\/1"}],"replies":[{"embeddable":true,"href":"https:\/\/schatulleboemm.com\/shop\/wp-json\/wp\/v2\/comments?post=113"}],"version-history":[{"count":1,"href":"https:\/\/schatulleboemm.com\/shop\/wp-json\/wp\/v2\/pages\/113\/revisions"}],"predecessor-version":[{"id":114,"href":"https:\/\/schatulleboemm.com\/shop\/wp-json\/wp\/v2\/pages\/113\/revisions\/114"}],"wp:attachment":[{"href":"https:\/\/schatulleboemm.com\/shop\/wp-json\/wp\/v2\/media?parent=113"}],"curies":[{"name":"wp","href":"https:\/\/api.w.org\/{rel}","templated":true}]}}